{"id":12,"date":"2022-04-15T22:19:14","date_gmt":"2022-04-15T19:19:14","guid":{"rendered":"https:\/\/heroart.fi\/wp\/?page_id=12"},"modified":"2025-10-27T10:04:17","modified_gmt":"2025-10-27T08:04:17","slug":"about","status":"publish","type":"page","link":"https:\/\/heroart.fi\/?page_id=12","title":{"rendered":"Kuka, mit\u00e4, miss\u00e4, milloin?"},"content":{"rendered":"<p><strong>Nimi:<\/strong> HeliR<a href=\"https:\/\/heroart.fi\/gallery\/heroart_own\/\" rel=\"attachment wp-att-482\"><img loading=\"lazy\" decoding=\"async\" class=\"alignright wp-image-482\" src=\"https:\/\/heroart.fi\/wp\/wp-content\/uploads\/2023\/06\/heroart_own-300x300.jpg\" alt=\"Valokuvaajan oma kuva talven pakkasessa ja ripset huurussa\" width=\"241\" height=\"241\" srcset=\"https:\/\/heroart.fi\/wp\/wp-content\/uploads\/2023\/06\/heroart_own-300x300.jpg 300w, https:\/\/heroart.fi\/wp\/wp-content\/uploads\/2023\/06\/heroart_own-150x150.jpg 150w, https:\/\/heroart.fi\/wp\/wp-content\/uploads\/2023\/06\/heroart_own-768x768.jpg 768w, https:\/\/heroart.fi\/wp\/wp-content\/uploads\/2023\/06\/heroart_own.jpg 960w\" sizes=\"auto, (max-width: 241px) 100vw, 241px\" \/><\/a><\/p>\n<p><strong>Kiinnostuksen kohteet:<\/strong> Valokuvauksen lis\u00e4ksi piirt\u00e4minen, mosaiikkity\u00f6t, timanttimaalaus, polttopiirt\u00e4minen ja muu k\u00e4sill\u00e4 v\u00e4rkk\u00e4\u00e4minen. P\u00e4\u00e4s\u00e4\u00e4nt\u00f6isesti kovien materiaalien parissa.<\/p>\n<p>Hiihtohullu. Kes\u00e4isin voi bongata my\u00f6s maastopy\u00f6r\u00e4n p\u00e4\u00e4lt\u00e4 ja joskus lenkkareissakin. Todenn\u00e4k\u00f6isimmin kuitenkin suksilla silloinkin.<\/p>\n<p><strong>Kamerat:<\/strong><\/p>\n<ul>\n<li>Canon R6 Mark II<\/li>\n<li>Canon R5<\/li>\n<li>Canon 10D<\/li>\n<li>Canon PowerShot G10<\/li>\n<\/ul>\n<p><strong>Objektiivit:<\/strong><\/p>\n<ul>\n<li>Canon RF 100-500 mm F4.5-7.1 L IS USM<\/li>\n<li>Canon EF 300 mm F2.8 L IS USM<\/li>\n<li>Canon EF 70-200 mm F2.8 L IS USM<\/li>\n<li>Canon EF 100 mm F2.8 L IS USM Macro<\/li>\n<li>Canon EF 85 mm F1.8<\/li>\n<li>Canon EF-S 15-85 mm F3.5-5.6<\/li>\n<li>Sigma DG 24-105 mm F4 ART<\/li>\n<li>Canon 2x Extender III<\/li>\n<li>Canon 1,4x Extender III<\/li>\n<li>Sigma 1,4x Extender<\/li>\n<\/ul>\n<p>Lis\u00e4ksi kaikenlaista muuta kuvaustarviketta ihan liikaakin.<\/p>\n<p><strong>Kuvank\u00e4sittely:<\/strong>\u00a0 Lightroom \/ Photoshop \/ Pixelmator Pro<br \/>\nToisinaan my\u00f6s Darktable \/ Gimp.<\/p>\n","protected":false},"excerpt":{"rendered":"<p>Nimi: HeliR Kiinnostuksen kohteet: Valokuvauksen lis\u00e4ksi piirt\u00e4minen, mosaiikkity\u00f6t, timanttimaalaus, polttopiirt\u00e4minen ja muu k\u00e4sill\u00e4 v\u00e4rkk\u00e4\u00e4minen. P\u00e4\u00e4s\u00e4\u00e4nt\u00f6isesti kovien materiaalien parissa. Hiihtohullu. Kes\u00e4isin voi bongata my\u00f6s maastopy\u00f6r\u00e4n p\u00e4\u00e4lt\u00e4 ja joskus lenkkareissakin. Todenn\u00e4k\u00f6isimmin kuitenkin suksilla silloinkin. Kamerat: Canon R6 Mark II Canon R5 Canon 10D Canon PowerShot G10 Objektiivit: Canon RF 100-500 mm F4.5-7.1<\/p>\n<div class=\"continue-reading-wrapper\"><a href=\"https:\/\/heroart.fi\/?page_id=12\" class=\"continue-reading\">Lue kirjoitus<i class=\"ion-ios-arrow-right\"><\/i><\/a><\/div>\n","protected":false},"author":1,"featured_media":0,"parent":0,"menu_order":3,"comment_status":"closed","ping_status":"closed","template":"","meta":{"iawp_total_views":33,"footnotes":""},"class_list":["post-12","page","type-page","status-publish","hentry"],"_links":{"self":[{"href":"https:\/\/heroart.fi\/index.php?rest_route=\/wp\/v2\/pages\/12","targetHints":{"allow":["GET"]}}],"collection":[{"href":"https:\/\/heroart.fi\/index.php?rest_route=\/wp\/v2\/pages"}],"about":[{"href":"https:\/\/heroart.fi\/index.php?rest_route=\/wp\/v2\/types\/page"}],"author":[{"embeddable":true,"href":"https:\/\/heroart.fi\/index.php?rest_route=\/wp\/v2\/users\/1"}],"replies":[{"embeddable":true,"href":"https:\/\/heroart.fi\/index.php?rest_route=%2Fwp%2Fv2%2Fcomments&post=12"}],"version-history":[{"count":34,"href":"https:\/\/heroart.fi\/index.php?rest_route=\/wp\/v2\/pages\/12\/revisions"}],"predecessor-version":[{"id":980,"href":"https:\/\/heroart.fi\/index.php?rest_route=\/wp\/v2\/pages\/12\/revisions\/980"}],"wp:attachment":[{"href":"https:\/\/heroart.fi\/index.php?rest_route=%2Fwp%2Fv2%2Fmedia&parent=12"}],"curies":[{"name":"wp","href":"https:\/\/api.w.org\/{rel}","templated":true}]}}