{"id":58,"date":"2022-04-16T14:33:33","date_gmt":"2022-04-16T11:33:33","guid":{"rendered":"https:\/\/heroart.fi\/wp\/?page_id=58"},"modified":"2025-03-31T09:23:50","modified_gmt":"2025-03-31T06:23:50","slug":"bongari","status":"publish","type":"page","link":"https:\/\/heroart.fi\/?page_id=58","title":{"rendered":"Bongari"},"content":{"rendered":"<p>Bongari on koodausprojekti, joka l\u00e4htee liikkeelle omien lintuhavaintojen kirjaamisesta ja jatkossa t\u00e4h\u00e4n on tarkoitus laajentaa my\u00f6s ainakin perhoset ja kenties muutkin lajihavainnot. T\u00e4ll\u00e4 hetkell\u00e4 lintuhavaintoja voi tallentaa kirjautumatta ja lis\u00e4ksi on mahdollisuus kirjautuneena kuvien lataukseen. Ei siis valmista l\u00e4hellek\u00e4\u00e4n, mutta hiljalleen homma etenee.<\/p>\n<p>Bongaria voi vilkuilla <a href=\"https:\/\/heroart.fi\/bongari\" target=\"blanket_\" rel=\"noopener\">t\u00e4st\u00e4<\/a>.<\/p>\n","protected":false},"excerpt":{"rendered":"<p>Bongari on koodausprojekti, joka l\u00e4htee liikkeelle omien lintuhavaintojen kirjaamisesta ja jatkossa t\u00e4h\u00e4n on tarkoitus laajentaa my\u00f6s ainakin perhoset ja kenties muutkin lajihavainnot. T\u00e4ll\u00e4 hetkell\u00e4 lintuhavaintoja voi tallentaa kirjautumatta ja lis\u00e4ksi on mahdollisuus kirjautuneena kuvien lataukseen. Ei siis valmista l\u00e4hellek\u00e4\u00e4n, mutta hiljalleen homma etenee. Bongaria voi vilkuilla t\u00e4st\u00e4.<\/p>\n","protected":false},"author":1,"featured_media":0,"parent":0,"menu_order":1,"comment_status":"closed","ping_status":"closed","template":"","meta":{"iawp_total_views":19,"footnotes":""},"class_list":["post-58","page","type-page","status-publish","hentry"],"_links":{"self":[{"href":"https:\/\/heroart.fi\/index.php?rest_route=\/wp\/v2\/pages\/58","targetHints":{"allow":["GET"]}}],"collection":[{"href":"https:\/\/heroart.fi\/index.php?rest_route=\/wp\/v2\/pages"}],"about":[{"href":"https:\/\/heroart.fi\/index.php?rest_route=\/wp\/v2\/types\/page"}],"author":[{"embeddable":true,"href":"https:\/\/heroart.fi\/index.php?rest_route=\/wp\/v2\/users\/1"}],"replies":[{"embeddable":true,"href":"https:\/\/heroart.fi\/index.php?rest_route=%2Fwp%2Fv2%2Fcomments&post=58"}],"version-history":[{"count":9,"href":"https:\/\/heroart.fi\/index.php?rest_route=\/wp\/v2\/pages\/58\/revisions"}],"predecessor-version":[{"id":837,"href":"https:\/\/heroart.fi\/index.php?rest_route=\/wp\/v2\/pages\/58\/revisions\/837"}],"wp:attachment":[{"href":"https:\/\/heroart.fi\/index.php?rest_route=%2Fwp%2Fv2%2Fmedia&parent=58"}],"curies":[{"name":"wp","href":"https:\/\/api.w.org\/{rel}","templated":true}]}}